{"id":10,"date":"2023-04-10T23:07:14","date_gmt":"2023-04-10T22:07:14","guid":{"rendered":"https:\/\/unpieddedans.dplibre.com\/?page_id=10"},"modified":"2023-06-16T12:43:44","modified_gmt":"2023-06-16T10:43:44","slug":"majossa","status":"publish","type":"page","link":"https:\/\/gestion.dplibre.com\/index.php\/majossa\/","title":{"rendered":"Majossa"},"content":{"rendered":"\n<figure class=\"wp-block-table alignwide\"><table class=\"has-fixed-layout\"><tbody><tr><td class=\"has-text-align-center\" data-align=\"center\"><a href=\"#majossa\">Spectacle<\/a><\/td><td class=\"has-text-align-center\" data-align=\"center\"><a href=\"#agenda-m\">Agenda<\/a><\/td><td class=\"has-text-align-center\" data-align=\"center\"><a href=\"#galerie-m\">Galerie<\/a><\/td><td class=\"has-text-align-center\" data-align=\"center\"><a href=\"#tech-m\">Fiche technique<\/a><\/td><\/tr><\/tbody><\/table><\/figure>\n\n\n\n<hr class=\"wp-block-separator\" id=\"majossa\"\/>\n\n\n\n<div class=\"wp-block-media-text alignwide is-stacked-on-mobile\"><figure class=\"wp-block-media-text__media\"><img decoding=\"async\" loading=\"lazy\" width=\"1024\" height=\"936\" src=\"https:\/\/gestion.dplibre.com\/wp-content\/uploads\/2023\/04\/bisou-sature-1024x936.png\" alt=\"\" class=\"wp-image-12 size-full\" srcset=\"https:\/\/gestion.dplibre.com\/wp-content\/uploads\/2023\/04\/bisou-sature-1024x936.png 1024w, https:\/\/gestion.dplibre.com\/wp-content\/uploads\/2023\/04\/bisou-sature-300x274.png 300w, https:\/\/gestion.dplibre.com\/wp-content\/uploads\/2023\/04\/bisou-sature-768x702.png 768w, https:\/\/gestion.dplibre.com\/wp-content\/uploads\/2023\/04\/bisou-sature-1536x1404.png 1536w, https:\/\/gestion.dplibre.com\/wp-content\/uploads\/2023\/04\/bisou-sature-1568x1433.png 1568w, https:\/\/gestion.dplibre.com\/wp-content\/uploads\/2023\/04\/bisou-sature.png 1728w\" sizes=\"(max-width: 1024px) 100vw, 1024px\" \/><\/figure><div class=\"wp-block-media-text__content\">\n<h3>Des chants sous des chapeaux\u202f: tout un monde\u202f!<\/h3>\n\n\n\n<p class=\"has-small-font-size\"><em>Tour de chant th\u00e9\u00e2tralis\u00e9<\/em><\/p>\n\n\n\n<p>Alliant deux voix, deux foies, deux poids et plusieurs mesures, ces deux filles chantent des chansons a capella dont on ne comprend pas toujours les paroles. \u00c7a tombe bien, elles non plus\u202f!<\/p>\n\n\n\n<p>Un spectacle \u00e0 \u00e9couter et \u00e0 voir, qui balance entre humour et \u00e9motion, tout plein de d\u00e9licatesse retenue. Si, si\u2026 jur\u00e9, elles se retiennent.<\/p>\n<\/div><\/div>\n\n\n\n<p>Vous \u00eates int\u00e9ress\u00e9.e.s&nbsp;? Quelle bonne id\u00e9e&nbsp;!<br>Contactez-nous par courriel&nbsp;: unpieddedans@gmail.com<\/p>\n\n\n\n<hr class=\"wp-block-separator\" id=\"agenda-m\"\/>\n\n\n\n<div class=\"is-layout-flex wp-container-3 wp-block-columns alignwide\">\n<div class=\"is-layout-flow wp-block-column\">\n<h3 class=\"has-text-align-center\">Agenda<\/h3>\n\n\n<ul class=\"wp-block-latest-posts__list wp-block-latest-posts\"><\/ul><\/div>\n\n\n\n<div class=\"is-layout-flow wp-block-column\">\n<h3 class=\"has-text-align-center\">C&rsquo;est pass\u00e9 !<\/h3>\n\n\n<ul class=\"wp-block-latest-posts__list wp-block-latest-posts\"><li><a class=\"wp-block-latest-posts__post-title\" href=\"https:\/\/gestion.dplibre.com\/index.php\/2023\/04\/24\/13-mai-23-majossa-piestival-poitiers\/\">13 mai 23 : Majossa-Piestival-Poitiers<\/a><\/li>\n<\/ul><\/div>\n<\/div>\n\n\n\n<hr class=\"wp-block-separator\" id=\"galerie-m\"\/>\n\n\n\n<h3>Galerie <\/h3>\n\n\n\n<h4>photos<\/h4>\n\n\n\n<div class=\"wp-block-envira-envira-gallery\"><div id=\"envira-gallery-wrap-362\" class=\"envira-gallery-wrap envira-gallery-theme-base envira-lightbox-theme-base\" itemscope itemtype=\"https:\/\/schema.org\/ImageGallery\"><div data-row-height=\"150\" data-gallery-theme=\"normal\" id=\"envira-gallery-362\" class=\"envira-gallery-public envira-gallery-justified-public envira-gallery-0-columns envira-clear enviratope envira-gallery-css-animations\" data-envira-columns=\"0\"><div id=\"envira-gallery-item-103\" class=\"envira-gallery-item enviratope-item envira-gallery-item-1 envira-lazy-load\" style=\"padding-left: 1px; padding-bottom: 1px; padding-right: 1px;\"  itemscope itemtype=\"https:\/\/schema.org\/ImageObject\"><div class=\"envira-gallery-item-inner\"><div class=\"envira-gallery-position-overlay  envira-gallery-top-left\"><\/div><div class=\"envira-gallery-position-overlay  envira-gallery-top-right\"><\/div><div class=\"envira-gallery-position-overlay  envira-gallery-bottom-left\"><\/div><div class=\"envira-gallery-position-overlay  envira-gallery-bottom-right\"><\/div><a href=\"https:\/\/gestion.dplibre.com\/wp-content\/uploads\/2023\/04\/Pissos-9-2013-ATW-150.jpg\" class=\"envira-gallery-362 envira-gallery-link\" rel=\"enviragallery362\" title=\"Pissos-9-2013-ATW-150\" data-envira-caption=\"Pissos-9-2013-ATW-150\" data-envira-retina=\"\" data-thumbnail=\"\"  itemprop=\"contentUrl\"><img id=\"envira-gallery-image-103\" class=\"envira-gallery-image envira-gallery-image-1 envira-normal envira-lazy\" data-envira-index=\"1\" src=\"https:\/\/gestion.dplibre.com\/wp-content\/uploads\/2023\/04\/Pissos-9-2013-ATW-150-640x480.jpg\" data-envira-src=\"https:\/\/gestion.dplibre.com\/wp-content\/uploads\/2023\/04\/Pissos-9-2013-ATW-150-640x480.jpg\" data-envira-gallery-id=\"362\" data-envira-item-id=\"103\" data-envira-caption=\"Pissos-9-2013-ATW-150\" alt=\"\" title=\"Pissos-9-2013-ATW-150\"  itemprop=\"thumbnailUrl\" data-envira-srcset=\"https:\/\/gestion.dplibre.com\/wp-content\/uploads\/2023\/04\/Pissos-9-2013-ATW-150-640x480.jpg 400w,https:\/\/gestion.dplibre.com\/wp-content\/uploads\/2023\/04\/Pissos-9-2013-ATW-150-640x480.jpg 2x\" data-envira-width=\"294\" data-envira-height=\"220\" srcset=\"data:image\/gif;base64,R0lGODlhAQABAIAAAP\/\/\/\/\/\/\/yH5BAEKAAEALAAAAAABAAEAAAICTAEAOw==\" data-safe-src=\"data:image\/gif;base64,R0lGODlhAQABAIAAAP\/\/\/\/\/\/\/yH5BAEKAAEALAAAAAABAAEAAAICTAEAOw==\" \/><\/a><\/div><\/div><div id=\"envira-gallery-item-102\" class=\"envira-gallery-item enviratope-item envira-gallery-item-2 envira-lazy-load\" style=\"padding-left: 1px; padding-bottom: 1px; padding-right: 1px;\"  itemscope itemtype=\"https:\/\/schema.org\/ImageObject\"><div class=\"envira-gallery-item-inner\"><div class=\"envira-gallery-position-overlay  envira-gallery-top-left\"><\/div><div class=\"envira-gallery-position-overlay  envira-gallery-top-right\"><\/div><div class=\"envira-gallery-position-overlay  envira-gallery-bottom-left\"><\/div><div class=\"envira-gallery-position-overlay  envira-gallery-bottom-right\"><\/div><a href=\"https:\/\/gestion.dplibre.com\/wp-content\/uploads\/2023\/04\/bouche_ouverte.jpg\" class=\"envira-gallery-362 envira-gallery-link\" rel=\"enviragallery362\" title=\"bouche_ouverte\" data-envira-caption=\"bouche_ouverte\" data-envira-retina=\"\" data-thumbnail=\"\"  itemprop=\"contentUrl\"><img id=\"envira-gallery-image-102\" class=\"envira-gallery-image envira-gallery-image-2 envira-normal envira-lazy\" data-envira-index=\"2\" src=\"https:\/\/gestion.dplibre.com\/wp-content\/uploads\/2023\/04\/bouche_ouverte-1024x526-640x480.jpg\" data-envira-src=\"https:\/\/gestion.dplibre.com\/wp-content\/uploads\/2023\/04\/bouche_ouverte-1024x526-640x480.jpg\" data-envira-gallery-id=\"362\" data-envira-item-id=\"102\" data-envira-caption=\"bouche_ouverte\" alt=\"\" title=\"bouche_ouverte\"  itemprop=\"thumbnailUrl\" data-envira-srcset=\"https:\/\/gestion.dplibre.com\/wp-content\/uploads\/2023\/04\/bouche_ouverte-1024x526-640x480.jpg 400w,https:\/\/gestion.dplibre.com\/wp-content\/uploads\/2023\/04\/bouche_ouverte-1024x526-640x480.jpg 2x\" data-envira-width=\"300\" data-envira-height=\"154\" srcset=\"data:image\/gif;base64,R0lGODlhAQABAIAAAP\/\/\/\/\/\/\/yH5BAEKAAEALAAAAAABAAEAAAICTAEAOw==\" data-safe-src=\"data:image\/gif;base64,R0lGODlhAQABAIAAAP\/\/\/\/\/\/\/yH5BAEKAAEALAAAAAABAAEAAAICTAEAOw==\" \/><\/a><\/div><\/div><div id=\"envira-gallery-item-101\" class=\"envira-gallery-item enviratope-item envira-gallery-item-3 envira-lazy-load\" style=\"padding-left: 1px; padding-bottom: 1px; padding-right: 1px;\"  itemscope itemtype=\"https:\/\/schema.org\/ImageObject\"><div class=\"envira-gallery-item-inner\"><div class=\"envira-gallery-position-overlay  envira-gallery-top-left\"><\/div><div class=\"envira-gallery-position-overlay  envira-gallery-top-right\"><\/div><div class=\"envira-gallery-position-overlay  envira-gallery-bottom-left\"><\/div><div class=\"envira-gallery-position-overlay  envira-gallery-bottom-right\"><\/div><a href=\"https:\/\/gestion.dplibre.com\/wp-content\/uploads\/2023\/04\/dos-a-dos-2.jpg\" class=\"envira-gallery-362 envira-gallery-link\" rel=\"enviragallery362\" title=\"dos-a-dos-2\" data-envira-caption=\"dos-a-dos-2\" data-envira-retina=\"\" data-thumbnail=\"\"  itemprop=\"contentUrl\"><img id=\"envira-gallery-image-101\" class=\"envira-gallery-image envira-gallery-image-3 envira-normal envira-lazy\" data-envira-index=\"3\" src=\"https:\/\/gestion.dplibre.com\/wp-content\/uploads\/2023\/04\/dos-a-dos-2-809x1024-640x480.jpg\" data-envira-src=\"https:\/\/gestion.dplibre.com\/wp-content\/uploads\/2023\/04\/dos-a-dos-2-809x1024-640x480.jpg\" data-envira-gallery-id=\"362\" data-envira-item-id=\"101\" data-envira-caption=\"dos-a-dos-2\" alt=\"\" title=\"dos-a-dos-2\"  itemprop=\"thumbnailUrl\" data-envira-srcset=\"https:\/\/gestion.dplibre.com\/wp-content\/uploads\/2023\/04\/dos-a-dos-2-809x1024-640x480.jpg 400w,https:\/\/gestion.dplibre.com\/wp-content\/uploads\/2023\/04\/dos-a-dos-2-809x1024-640x480.jpg 2x\" data-envira-width=\"237\" data-envira-height=\"300\" srcset=\"data:image\/gif;base64,R0lGODlhAQABAIAAAP\/\/\/\/\/\/\/yH5BAEKAAEALAAAAAABAAEAAAICTAEAOw==\" data-safe-src=\"data:image\/gif;base64,R0lGODlhAQABAIAAAP\/\/\/\/\/\/\/yH5BAEKAAEALAAAAAABAAEAAAICTAEAOw==\" \/><\/a><\/div><\/div><div id=\"envira-gallery-item-100\" class=\"envira-gallery-item enviratope-item envira-gallery-item-4 envira-lazy-load\" style=\"padding-left: 1px; padding-bottom: 1px; padding-right: 1px;\"  itemscope itemtype=\"https:\/\/schema.org\/ImageObject\"><div class=\"envira-gallery-item-inner\"><div class=\"envira-gallery-position-overlay  envira-gallery-top-left\"><\/div><div class=\"envira-gallery-position-overlay  envira-gallery-top-right\"><\/div><div class=\"envira-gallery-position-overlay  envira-gallery-bottom-left\"><\/div><div class=\"envira-gallery-position-overlay  envira-gallery-bottom-right\"><\/div><a href=\"https:\/\/gestion.dplibre.com\/wp-content\/uploads\/2023\/04\/dos-a-dos-scaled-1.jpg\" class=\"envira-gallery-362 envira-gallery-link\" rel=\"enviragallery362\" title=\"dos-a-dos\" data-envira-caption=\"dos-a-dos\" data-envira-retina=\"\" data-thumbnail=\"\"  itemprop=\"contentUrl\"><img id=\"envira-gallery-image-100\" class=\"envira-gallery-image envira-gallery-image-4 envira-normal envira-lazy\" data-envira-index=\"4\" src=\"https:\/\/gestion.dplibre.com\/wp-content\/uploads\/2023\/04\/dos-a-dos-scaled-1-606x1024-640x480.jpg\" data-envira-src=\"https:\/\/gestion.dplibre.com\/wp-content\/uploads\/2023\/04\/dos-a-dos-scaled-1-606x1024-640x480.jpg\" data-envira-gallery-id=\"362\" data-envira-item-id=\"100\" data-envira-caption=\"dos-a-dos\" alt=\"\" title=\"dos-a-dos\"  itemprop=\"thumbnailUrl\" data-envira-srcset=\"https:\/\/gestion.dplibre.com\/wp-content\/uploads\/2023\/04\/dos-a-dos-scaled-1-606x1024-640x480.jpg 400w,https:\/\/gestion.dplibre.com\/wp-content\/uploads\/2023\/04\/dos-a-dos-scaled-1-606x1024-640x480.jpg 2x\" data-envira-width=\"178\" data-envira-height=\"300\" srcset=\"data:image\/gif;base64,R0lGODlhAQABAIAAAP\/\/\/\/\/\/\/yH5BAEKAAEALAAAAAABAAEAAAICTAEAOw==\" data-safe-src=\"data:image\/gif;base64,R0lGODlhAQABAIAAAP\/\/\/\/\/\/\/yH5BAEKAAEALAAAAAABAAEAAAICTAEAOw==\" \/><\/a><\/div><\/div><div id=\"envira-gallery-item-98\" class=\"envira-gallery-item enviratope-item envira-gallery-item-5 envira-lazy-load\" style=\"padding-left: 1px; padding-bottom: 1px; padding-right: 1px;\"  itemscope itemtype=\"https:\/\/schema.org\/ImageObject\"><div class=\"envira-gallery-item-inner\"><div class=\"envira-gallery-position-overlay  envira-gallery-top-left\"><\/div><div class=\"envira-gallery-position-overlay  envira-gallery-top-right\"><\/div><div class=\"envira-gallery-position-overlay  envira-gallery-bottom-left\"><\/div><div class=\"envira-gallery-position-overlay  envira-gallery-bottom-right\"><\/div><a href=\"https:\/\/gestion.dplibre.com\/wp-content\/uploads\/2023\/04\/Charroux3.jpg\" class=\"envira-gallery-362 envira-gallery-link\" rel=\"enviragallery362\" title=\"Charroux3\" data-envira-caption=\"Charroux3\" data-envira-retina=\"\" data-thumbnail=\"\"  itemprop=\"contentUrl\"><img id=\"envira-gallery-image-98\" class=\"envira-gallery-image envira-gallery-image-5 envira-normal envira-lazy\" data-envira-index=\"5\" src=\"https:\/\/gestion.dplibre.com\/wp-content\/uploads\/2023\/04\/Charroux3-640x480.jpg\" data-envira-src=\"https:\/\/gestion.dplibre.com\/wp-content\/uploads\/2023\/04\/Charroux3-640x480.jpg\" data-envira-gallery-id=\"362\" data-envira-item-id=\"98\" data-envira-caption=\"Charroux3\" alt=\"\" title=\"Charroux3\"  itemprop=\"thumbnailUrl\" data-envira-srcset=\"https:\/\/gestion.dplibre.com\/wp-content\/uploads\/2023\/04\/Charroux3-640x480.jpg 400w,https:\/\/gestion.dplibre.com\/wp-content\/uploads\/2023\/04\/Charroux3-640x480.jpg 2x\" data-envira-width=\"200\" data-envira-height=\"300\" srcset=\"data:image\/gif;base64,R0lGODlhAQABAIAAAP\/\/\/\/\/\/\/yH5BAEKAAEALAAAAAABAAEAAAICTAEAOw==\" data-safe-src=\"data:image\/gif;base64,R0lGODlhAQABAIAAAP\/\/\/\/\/\/\/yH5BAEKAAEALAAAAAABAAEAAAICTAEAOw==\" \/><\/a><\/div><\/div><div id=\"envira-gallery-item-94\" class=\"envira-gallery-item enviratope-item envira-gallery-item-6 envira-lazy-load\" style=\"padding-left: 1px; padding-bottom: 1px; padding-right: 1px;\"  itemscope itemtype=\"https:\/\/schema.org\/ImageObject\"><div class=\"envira-gallery-item-inner\"><div class=\"envira-gallery-position-overlay  envira-gallery-top-left\"><\/div><div class=\"envira-gallery-position-overlay  envira-gallery-top-right\"><\/div><div class=\"envira-gallery-position-overlay  envira-gallery-bottom-left\"><\/div><div class=\"envira-gallery-position-overlay  envira-gallery-bottom-right\"><\/div><a href=\"https:\/\/gestion.dplibre.com\/wp-content\/uploads\/2023\/04\/juin21.jpg\" class=\"envira-gallery-362 envira-gallery-link\" rel=\"enviragallery362\" title=\"juin21\" data-envira-caption=\"juin21\" data-envira-retina=\"\" data-thumbnail=\"\"  itemprop=\"contentUrl\"><img id=\"envira-gallery-image-94\" class=\"envira-gallery-image envira-gallery-image-6 envira-normal envira-lazy\" data-envira-index=\"6\" src=\"https:\/\/gestion.dplibre.com\/wp-content\/uploads\/2023\/04\/juin21-640x480.jpg\" data-envira-src=\"https:\/\/gestion.dplibre.com\/wp-content\/uploads\/2023\/04\/juin21-640x480.jpg\" data-envira-gallery-id=\"362\" data-envira-item-id=\"94\" data-envira-caption=\"juin21\" alt=\"\" title=\"juin21\"  itemprop=\"thumbnailUrl\" data-envira-srcset=\"https:\/\/gestion.dplibre.com\/wp-content\/uploads\/2023\/04\/juin21-640x480.jpg 400w,https:\/\/gestion.dplibre.com\/wp-content\/uploads\/2023\/04\/juin21-640x480.jpg 2x\" data-envira-width=\"300\" data-envira-height=\"254\" srcset=\"data:image\/gif;base64,R0lGODlhAQABAIAAAP\/\/\/\/\/\/\/yH5BAEKAAEALAAAAAABAAEAAAICTAEAOw==\" data-safe-src=\"data:image\/gif;base64,R0lGODlhAQABAIAAAP\/\/\/\/\/\/\/yH5BAEKAAEALAAAAAABAAEAAAICTAEAOw==\" \/><\/a><\/div><\/div><div id=\"envira-gallery-item-95\" class=\"envira-gallery-item enviratope-item envira-gallery-item-7 envira-lazy-load\" style=\"padding-left: 1px; padding-bottom: 1px; padding-right: 1px;\"  itemscope itemtype=\"https:\/\/schema.org\/ImageObject\"><div class=\"envira-gallery-item-inner\"><div class=\"envira-gallery-position-overlay  envira-gallery-top-left\"><\/div><div class=\"envira-gallery-position-overlay  envira-gallery-top-right\"><\/div><div class=\"envira-gallery-position-overlay  envira-gallery-bottom-left\"><\/div><div class=\"envira-gallery-position-overlay  envira-gallery-bottom-right\"><\/div><a href=\"https:\/\/gestion.dplibre.com\/wp-content\/uploads\/2023\/04\/Benassay.jpg\" class=\"envira-gallery-362 envira-gallery-link\" rel=\"enviragallery362\" title=\"Benassay\" data-envira-caption=\"Benassay\" data-envira-retina=\"\" data-thumbnail=\"\"  itemprop=\"contentUrl\"><img id=\"envira-gallery-image-95\" class=\"envira-gallery-image envira-gallery-image-7 envira-normal envira-lazy\" data-envira-index=\"7\" src=\"https:\/\/gestion.dplibre.com\/wp-content\/uploads\/2023\/04\/Benassay-768x1024-640x480.jpg\" data-envira-src=\"https:\/\/gestion.dplibre.com\/wp-content\/uploads\/2023\/04\/Benassay-768x1024-640x480.jpg\" data-envira-gallery-id=\"362\" data-envira-item-id=\"95\" data-envira-caption=\"Benassay\" alt=\"\" title=\"Benassay\"  itemprop=\"thumbnailUrl\" data-envira-srcset=\"https:\/\/gestion.dplibre.com\/wp-content\/uploads\/2023\/04\/Benassay-768x1024-640x480.jpg 400w,https:\/\/gestion.dplibre.com\/wp-content\/uploads\/2023\/04\/Benassay-768x1024-640x480.jpg 2x\" data-envira-width=\"225\" data-envira-height=\"300\" srcset=\"data:image\/gif;base64,R0lGODlhAQABAIAAAP\/\/\/\/\/\/\/yH5BAEKAAEALAAAAAABAAEAAAICTAEAOw==\" data-safe-src=\"data:image\/gif;base64,R0lGODlhAQABAIAAAP\/\/\/\/\/\/\/yH5BAEKAAEALAAAAAABAAEAAAICTAEAOw==\" \/><\/a><\/div><\/div><div id=\"envira-gallery-item-97\" class=\"envira-gallery-item enviratope-item envira-gallery-item-8 envira-lazy-load\" style=\"padding-left: 1px; padding-bottom: 1px; padding-right: 1px;\"  itemscope itemtype=\"https:\/\/schema.org\/ImageObject\"><div class=\"envira-gallery-item-inner\"><div class=\"envira-gallery-position-overlay  envira-gallery-top-left\"><\/div><div class=\"envira-gallery-position-overlay  envira-gallery-top-right\"><\/div><div class=\"envira-gallery-position-overlay  envira-gallery-bottom-left\"><\/div><div class=\"envira-gallery-position-overlay  envira-gallery-bottom-right\"><\/div><a href=\"https:\/\/gestion.dplibre.com\/wp-content\/uploads\/2023\/04\/Charroux4.jpg\" class=\"envira-gallery-362 envira-gallery-link\" rel=\"enviragallery362\" title=\"Charroux4\" data-envira-caption=\"Charroux4\" data-envira-retina=\"\" data-thumbnail=\"\"  itemprop=\"contentUrl\"><img id=\"envira-gallery-image-97\" class=\"envira-gallery-image envira-gallery-image-8 envira-normal envira-lazy\" data-envira-index=\"8\" src=\"https:\/\/gestion.dplibre.com\/wp-content\/uploads\/2023\/04\/Charroux4-1024x687-640x480.jpg\" data-envira-src=\"https:\/\/gestion.dplibre.com\/wp-content\/uploads\/2023\/04\/Charroux4-1024x687-640x480.jpg\" data-envira-gallery-id=\"362\" data-envira-item-id=\"97\" data-envira-caption=\"Charroux4\" alt=\"\" title=\"Charroux4\"  itemprop=\"thumbnailUrl\" data-envira-srcset=\"https:\/\/gestion.dplibre.com\/wp-content\/uploads\/2023\/04\/Charroux4-1024x687-640x480.jpg 400w,https:\/\/gestion.dplibre.com\/wp-content\/uploads\/2023\/04\/Charroux4-1024x687-640x480.jpg 2x\" data-envira-width=\"300\" data-envira-height=\"201\" srcset=\"data:image\/gif;base64,R0lGODlhAQABAIAAAP\/\/\/\/\/\/\/yH5BAEKAAEALAAAAAABAAEAAAICTAEAOw==\" data-safe-src=\"data:image\/gif;base64,R0lGODlhAQABAIAAAP\/\/\/\/\/\/\/yH5BAEKAAEALAAAAAABAAEAAAICTAEAOw==\" \/><\/a><\/div><\/div><div id=\"envira-gallery-item-96\" class=\"envira-gallery-item enviratope-item envira-gallery-item-9 envira-lazy-load\" style=\"padding-left: 1px; padding-bottom: 1px; padding-right: 1px;\"  itemscope itemtype=\"https:\/\/schema.org\/ImageObject\"><div class=\"envira-gallery-item-inner\"><div class=\"envira-gallery-position-overlay  envira-gallery-top-left\"><\/div><div class=\"envira-gallery-position-overlay  envira-gallery-top-right\"><\/div><div class=\"envira-gallery-position-overlay  envira-gallery-bottom-left\"><\/div><div class=\"envira-gallery-position-overlay  envira-gallery-bottom-right\"><\/div><a href=\"https:\/\/gestion.dplibre.com\/wp-content\/uploads\/2023\/04\/Charroux2.jpg\" class=\"envira-gallery-362 envira-gallery-link\" rel=\"enviragallery362\" title=\"Charroux2\" data-envira-caption=\"Charroux2\" data-envira-retina=\"\" data-thumbnail=\"\"  itemprop=\"contentUrl\"><img id=\"envira-gallery-image-96\" class=\"envira-gallery-image envira-gallery-image-9 envira-normal envira-lazy\" data-envira-index=\"9\" src=\"https:\/\/gestion.dplibre.com\/wp-content\/uploads\/2023\/04\/Charroux2-682x1024-640x480.jpg\" data-envira-src=\"https:\/\/gestion.dplibre.com\/wp-content\/uploads\/2023\/04\/Charroux2-682x1024-640x480.jpg\" data-envira-gallery-id=\"362\" data-envira-item-id=\"96\" data-envira-caption=\"Charroux2\" alt=\"\" title=\"Charroux2\"  itemprop=\"thumbnailUrl\" data-envira-srcset=\"https:\/\/gestion.dplibre.com\/wp-content\/uploads\/2023\/04\/Charroux2-682x1024-640x480.jpg 400w,https:\/\/gestion.dplibre.com\/wp-content\/uploads\/2023\/04\/Charroux2-682x1024-640x480.jpg 2x\" data-envira-width=\"200\" data-envira-height=\"300\" srcset=\"data:image\/gif;base64,R0lGODlhAQABAIAAAP\/\/\/\/\/\/\/yH5BAEKAAEALAAAAAABAAEAAAICTAEAOw==\" data-safe-src=\"data:image\/gif;base64,R0lGODlhAQABAIAAAP\/\/\/\/\/\/\/yH5BAEKAAEALAAAAAABAAEAAAICTAEAOw==\" \/><\/a><\/div><\/div><div id=\"envira-gallery-item-99\" class=\"envira-gallery-item enviratope-item envira-gallery-item-10 envira-lazy-load\" style=\"padding-left: 1px; padding-bottom: 1px; padding-right: 1px;\"  itemscope itemtype=\"https:\/\/schema.org\/ImageObject\"><div class=\"envira-gallery-item-inner\"><div class=\"envira-gallery-position-overlay  envira-gallery-top-left\"><\/div><div class=\"envira-gallery-position-overlay  envira-gallery-top-right\"><\/div><div class=\"envira-gallery-position-overlay  envira-gallery-bottom-left\"><\/div><div class=\"envira-gallery-position-overlay  envira-gallery-bottom-right\"><\/div><a href=\"https:\/\/gestion.dplibre.com\/wp-content\/uploads\/2023\/04\/Charroux1.jpg\" class=\"envira-gallery-362 envira-gallery-link\" rel=\"enviragallery362\" title=\"Charroux1\" data-envira-caption=\"Charroux1\" data-envira-retina=\"\" data-thumbnail=\"\"  itemprop=\"contentUrl\"><img id=\"envira-gallery-image-99\" class=\"envira-gallery-image envira-gallery-image-10 envira-normal envira-lazy\" data-envira-index=\"10\" src=\"https:\/\/gestion.dplibre.com\/wp-content\/uploads\/2023\/04\/Charroux1-640x480.jpg\" data-envira-src=\"https:\/\/gestion.dplibre.com\/wp-content\/uploads\/2023\/04\/Charroux1-640x480.jpg\" data-envira-gallery-id=\"362\" data-envira-item-id=\"99\" data-envira-caption=\"Charroux1\" alt=\"\" title=\"Charroux1\"  itemprop=\"thumbnailUrl\" data-envira-srcset=\"https:\/\/gestion.dplibre.com\/wp-content\/uploads\/2023\/04\/Charroux1-640x480.jpg 400w,https:\/\/gestion.dplibre.com\/wp-content\/uploads\/2023\/04\/Charroux1-640x480.jpg 2x\" data-envira-width=\"200\" data-envira-height=\"300\" srcset=\"data:image\/gif;base64,R0lGODlhAQABAIAAAP\/\/\/\/\/\/\/yH5BAEKAAEALAAAAAABAAEAAAICTAEAOw==\" data-safe-src=\"data:image\/gif;base64,R0lGODlhAQABAIAAAP\/\/\/\/\/\/\/yH5BAEKAAEALAAAAAABAAEAAAICTAEAOw==\" \/><\/a><\/div><\/div><\/div><\/div><noscript><img src=\"https:\/\/gestion.dplibre.com\/wp-content\/uploads\/2023\/04\/Pissos-9-2013-ATW-150.jpg\" alt=\"\" \/><img src=\"https:\/\/gestion.dplibre.com\/wp-content\/uploads\/2023\/04\/bouche_ouverte.jpg\" alt=\"\" \/><img src=\"https:\/\/gestion.dplibre.com\/wp-content\/uploads\/2023\/04\/dos-a-dos-2.jpg\" alt=\"\" \/><img src=\"https:\/\/gestion.dplibre.com\/wp-content\/uploads\/2023\/04\/dos-a-dos-scaled-1.jpg\" alt=\"\" \/><img src=\"https:\/\/gestion.dplibre.com\/wp-content\/uploads\/2023\/04\/Charroux3.jpg\" alt=\"\" \/><img src=\"https:\/\/gestion.dplibre.com\/wp-content\/uploads\/2023\/04\/juin21.jpg\" alt=\"\" \/><img src=\"https:\/\/gestion.dplibre.com\/wp-content\/uploads\/2023\/04\/Benassay.jpg\" alt=\"\" \/><img src=\"https:\/\/gestion.dplibre.com\/wp-content\/uploads\/2023\/04\/Charroux4.jpg\" alt=\"\" \/><img src=\"https:\/\/gestion.dplibre.com\/wp-content\/uploads\/2023\/04\/Charroux2.jpg\" alt=\"\" \/><img src=\"https:\/\/gestion.dplibre.com\/wp-content\/uploads\/2023\/04\/Charroux1.jpg\" alt=\"\" \/><\/noscript><\/div>\n\n\n\n<h4>vid\u00e9o<\/h4>\n\n\n\n<figure class=\"wp-block-video\"><video controls src=\"https:\/\/gestion.dplibre.com\/wp-content\/uploads\/2023\/04\/Majossa-HD.mp4\"><\/video><figcaption>Teaser<\/figcaption><\/figure>\n\n\n\n<hr class=\"wp-block-separator\" id=\"tech-m\"\/>\n\n\n\n<h3>Fiche technique<\/h3>\n\n\n\n<p><em>Spectacle musical a cappella<\/em> <em>d\u20191h15 <\/em><\/p>\n\n\n\n<p>Espace sc\u00e9nique minimum&nbsp;: 2&nbsp;m\u202f\u00d7 3&nbsp;m<\/p>\n\n\n\n<p>Amplification n\u00e9cessaire :<\/p>\n\n\n\n<ul><li>a minima avec 1 micro sur pied<\/li><li>et deux micro-casques en grande salle ou \u00e0 l&rsquo;ext\u00e9rieur<\/li><\/ul>\n\n\n\n<p>Nous pouvons fournir un petit syst\u00e8me d\u2019amplification, avec 1 micro sur pied et 2 micros-casques.<\/p>\n\n\n\n<p>\u00c9clairage sc\u00e9nique non fourni, \u00e0 pr\u00e9voir selon les conditions.<\/p>\n","protected":false},"excerpt":{"rendered":"<p>Spectacle Agenda Galerie Fiche technique Des chants sous des chapeaux\u202f: tout un monde\u202f! Tour de chant th\u00e9\u00e2tralis\u00e9 Alliant deux voix, deux foies, deux poids et plusieurs mesures, ces deux filles chantent des chansons a capella dont on ne comprend pas<\/p>\n","protected":false},"author":2,"featured_media":0,"parent":0,"menu_order":0,"comment_status":"closed","ping_status":"closed","template":"","meta":[],"_links":{"self":[{"href":"https:\/\/gestion.dplibre.com\/index.php\/wp-json\/wp\/v2\/pages\/10"}],"collection":[{"href":"https:\/\/gestion.dplibre.com\/index.php\/wp-json\/wp\/v2\/pages"}],"about":[{"href":"https:\/\/gestion.dplibre.com\/index.php\/wp-json\/wp\/v2\/types\/page"}],"author":[{"embeddable":true,"href":"https:\/\/gestion.dplibre.com\/index.php\/wp-json\/wp\/v2\/users\/2"}],"replies":[{"embeddable":true,"href":"https:\/\/gestion.dplibre.com\/index.php\/wp-json\/wp\/v2\/comments?post=10"}],"version-history":[{"count":5,"href":"https:\/\/gestion.dplibre.com\/index.php\/wp-json\/wp\/v2\/pages\/10\/revisions"}],"predecessor-version":[{"id":383,"href":"https:\/\/gestion.dplibre.com\/index.php\/wp-json\/wp\/v2\/pages\/10\/revisions\/383"}],"wp:attachment":[{"href":"https:\/\/gestion.dplibre.com\/index.php\/wp-json\/wp\/v2\/media?parent=10"}],"curies":[{"name":"wp","href":"https:\/\/api.w.org\/{rel}","templated":true}]}}