{"id":21,"date":"2023-04-10T23:30:41","date_gmt":"2023-04-10T22:30:41","guid":{"rendered":"https:\/\/unpieddedans.dplibre.com\/?page_id=21"},"modified":"2023-04-10T23:30:41","modified_gmt":"2023-04-10T22:30:41","slug":"un-pied-dedans","status":"publish","type":"page","link":"https:\/\/gestion.dplibre.com\/","title":{"rendered":"Un pied dedans"},"content":{"rendered":"\n<hr class=\"wp-block-separator\"\/>\n\n\n\n<h3 class=\"has-text-align-center\">Nos spectacles<\/h3>\n\n\n\n<div class=\"is-layout-flex wp-container-5 wp-block-columns alignwide are-vertically-aligned-center is-style-twentytwentyone-columns-overlap\">\n<div class=\"is-layout-flow wp-block-column is-vertically-aligned-center\">\n<figure class=\"wp-block-image alignfull size-large is-style-twentytwentyone-border\"><a href=\"https:\/\/unpieddedans.dplibre.com\/?page_id=10\"><img decoding=\"async\" loading=\"lazy\" width=\"1024\" height=\"936\" src=\"https:\/\/gestion.dplibre.com\/wp-content\/uploads\/2023\/04\/bisou-sature-1024x936.png\" alt=\"\" class=\"wp-image-12\" srcset=\"https:\/\/gestion.dplibre.com\/wp-content\/uploads\/2023\/04\/bisou-sature-1024x936.png 1024w, https:\/\/gestion.dplibre.com\/wp-content\/uploads\/2023\/04\/bisou-sature-300x274.png 300w, https:\/\/gestion.dplibre.com\/wp-content\/uploads\/2023\/04\/bisou-sature-768x702.png 768w, https:\/\/gestion.dplibre.com\/wp-content\/uploads\/2023\/04\/bisou-sature-1536x1404.png 1536w, https:\/\/gestion.dplibre.com\/wp-content\/uploads\/2023\/04\/bisou-sature-1568x1433.png 1568w, https:\/\/gestion.dplibre.com\/wp-content\/uploads\/2023\/04\/bisou-sature.png 1728w\" sizes=\"(max-width: 1024px) 100vw, 1024px\" \/><\/a><figcaption>Majossa<\/figcaption><\/figure>\n\n\n\n<div style=\"height:100px\" aria-hidden=\"true\" class=\"wp-block-spacer\"><\/div>\n<\/div>\n\n\n\n<div class=\"is-layout-flow wp-block-column is-vertically-aligned-center\">\n<div style=\"height:100px\" aria-hidden=\"true\" class=\"wp-block-spacer\"><\/div>\n\n\n\n<figure class=\"wp-block-image size-large alignfull size-full is-style-twentytwentyone-border\"><a href=\"https:\/\/unpieddedans.dplibre.com\/?page_id=24\"><img decoding=\"async\" src=\"https:\/\/unpieddedans.dplibre.com\/wp-content\/uploads\/2023\/04\/sorciere-fourmi-petit-1024x758.jpeg\" alt=\"\" class=\"wp-image-25\"\/><\/a><figcaption>Cie Kikol\u00e9<\/figcaption><\/figure>\n<\/div>\n\n\n\n<div class=\"is-layout-flow wp-block-column\">\n<figure class=\"wp-block-image size-large is-style-twentytwentyone-border\"><a href=\"https:\/\/unpieddedans.dplibre.com\/?page_id=72\"><img decoding=\"async\" loading=\"lazy\" width=\"768\" height=\"619\" src=\"https:\/\/gestion.dplibre.com\/wp-content\/uploads\/2023\/04\/Titre-1.jpg\" alt=\"\" class=\"wp-image-107\" srcset=\"https:\/\/gestion.dplibre.com\/wp-content\/uploads\/2023\/04\/Titre-1.jpg 768w, https:\/\/gestion.dplibre.com\/wp-content\/uploads\/2023\/04\/Titre-1-300x242.jpg 300w\" sizes=\"(max-width: 768px) 100vw, 768px\" \/><\/a><figcaption>Conf\u00e9rence<br> gesticul\u00e9e<\/figcaption><\/figure>\n\n\n\n<div style=\"height:45px\" aria-hidden=\"true\" class=\"wp-block-spacer\"><\/div>\n\n\n\n<p><\/p>\n<\/div>\n\n\n\n<div class=\"is-layout-flow wp-block-column\">\n<div style=\"height:28px\" aria-hidden=\"true\" class=\"wp-block-spacer\"><\/div>\n\n\n\n<figure class=\"wp-block-image size-large is-style-twentytwentyone-border\"><a href=\"https:\/\/unpieddedans.dplibre.com\/?page_id=48\"><img decoding=\"async\" loading=\"lazy\" width=\"903\" height=\"818\" src=\"https:\/\/gestion.dplibre.com\/wp-content\/uploads\/2023\/04\/Alternatiba.jpg\" alt=\"\" class=\"wp-image-49\" srcset=\"https:\/\/gestion.dplibre.com\/wp-content\/uploads\/2023\/04\/Alternatiba.jpg 903w, https:\/\/gestion.dplibre.com\/wp-content\/uploads\/2023\/04\/Alternatiba-300x272.jpg 300w, https:\/\/gestion.dplibre.com\/wp-content\/uploads\/2023\/04\/Alternatiba-768x696.jpg 768w\" sizes=\"(max-width: 903px) 100vw, 903px\" \/><\/a><figcaption>PastekFrites<\/figcaption><\/figure>\n<\/div>\n<\/div>\n\n\n\n<hr class=\"wp-block-separator\"\/>\n\n\n\n<h3 class=\"has-text-align-center\">Nos \u00e9v\u00e9nements \u00e0 venir<\/h3>\n\n\n<ul class=\"wp-block-latest-posts__list is-style-twentytwentyone-latest-posts-borders wp-block-latest-posts\"><\/ul>\n\n\n<hr class=\"wp-block-separator\"\/>\n\n\n\n<div class=\"wp-block-image\"><figure class=\"aligncenter size-large\"><a href=\"https:\/\/unpieddedans.dplibre.com\/?page_id=218\"><img decoding=\"async\" loading=\"lazy\" width=\"1024\" height=\"259\" src=\"https:\/\/gestion.dplibre.com\/wp-content\/uploads\/2023\/05\/bandeauPiestival-1024x259.png\" alt=\"\" class=\"wp-image-220\" srcset=\"https:\/\/gestion.dplibre.com\/wp-content\/uploads\/2023\/05\/bandeauPiestival-1024x259.png 1024w, https:\/\/gestion.dplibre.com\/wp-content\/uploads\/2023\/05\/bandeauPiestival-300x76.png 300w, https:\/\/gestion.dplibre.com\/wp-content\/uploads\/2023\/05\/bandeauPiestival-768x194.png 768w, https:\/\/gestion.dplibre.com\/wp-content\/uploads\/2023\/05\/bandeauPiestival-1536x388.png 1536w, https:\/\/gestion.dplibre.com\/wp-content\/uploads\/2023\/05\/bandeauPiestival-2048x517.png 2048w, https:\/\/gestion.dplibre.com\/wp-content\/uploads\/2023\/05\/bandeauPiestival-1568x396.png 1568w\" sizes=\"(max-width: 1024px) 100vw, 1024px\" \/><\/a><figcaption>Cliquez sur l&rsquo;image pour acc\u00e9der \u00e0 la page<\/figcaption><\/figure><\/div>\n\n\n\n<hr class=\"wp-block-separator\"\/>\n\n\n\n<h3 class=\"has-text-align-center\">Qui sommes nous ?<\/h3>\n\n\n\n<div class=\"wp-block-media-text alignwide is-stacked-on-mobile\" style=\"grid-template-columns:15% auto\"><figure class=\"wp-block-media-text__media\"><img decoding=\"async\" loading=\"lazy\" width=\"503\" height=\"643\" src=\"https:\/\/gestion.dplibre.com\/wp-content\/uploads\/2023\/04\/logo-1.jpg\" alt=\"\" class=\"wp-image-83 size-full\" srcset=\"https:\/\/gestion.dplibre.com\/wp-content\/uploads\/2023\/04\/logo-1.jpg 503w, https:\/\/gestion.dplibre.com\/wp-content\/uploads\/2023\/04\/logo-1-235x300.jpg 235w\" sizes=\"(max-width: 503px) 100vw, 503px\" \/><\/figure><div class=\"wp-block-media-text__content\">\n<p class=\"has-large-font-size\">D\u2019abord compagnie de th\u00e9\u00e2tre amateur bas\u00e9e \u00e0 Poitiers (86), l&rsquo;association Un Pied Dedans regroupe aujourd\u2019hui des formes diverses du spectacle vivant&nbsp;: th\u00e9\u00e2tre de marionnettes, conf\u00e9rence gesticul\u00e9e, groupes vocaux&#8230;<\/p>\n<\/div><\/div>\n\n\n\n<hr class=\"wp-block-separator\"\/>\n\n\n\n<h3 class=\"has-text-align-center\">Contacts<\/h3>\n\n\n\n<p>mail : unpieddedans@gmail.com<\/p>\n\n\n\n<p><\/p>\n","protected":false},"excerpt":{"rendered":"<p>Nos spectacles Nos \u00e9v\u00e9nements \u00e0 venir Qui sommes nous ? D\u2019abord compagnie de th\u00e9\u00e2tre amateur bas\u00e9e \u00e0 Poitiers (86), l&rsquo;association Un Pied Dedans regroupe aujourd\u2019hui des formes diverses du spectacle vivant&nbsp;: th\u00e9\u00e2tre de marionnettes, conf\u00e9rence gesticul\u00e9e, groupes vocaux&#8230; Contacts mail<\/p>\n","protected":false},"author":2,"featured_media":0,"parent":0,"menu_order":0,"comment_status":"closed","ping_status":"closed","template":"","meta":[],"_links":{"self":[{"href":"https:\/\/gestion.dplibre.com\/index.php\/wp-json\/wp\/v2\/pages\/21"}],"collection":[{"href":"https:\/\/gestion.dplibre.com\/index.php\/wp-json\/wp\/v2\/pages"}],"about":[{"href":"https:\/\/gestion.dplibre.com\/index.php\/wp-json\/wp\/v2\/types\/page"}],"author":[{"embeddable":true,"href":"https:\/\/gestion.dplibre.com\/index.php\/wp-json\/wp\/v2\/users\/2"}],"replies":[{"embeddable":true,"href":"https:\/\/gestion.dplibre.com\/index.php\/wp-json\/wp\/v2\/comments?post=21"}],"version-history":[{"count":0,"href":"https:\/\/gestion.dplibre.com\/index.php\/wp-json\/wp\/v2\/pages\/21\/revisions"}],"wp:attachment":[{"href":"https:\/\/gestion.dplibre.com\/index.php\/wp-json\/wp\/v2\/media?parent=21"}],"curies":[{"name":"wp","href":"https:\/\/api.w.org\/{rel}","templated":true}]}}