{"id":218,"date":"2023-05-22T14:26:31","date_gmt":"2023-05-22T13:26:31","guid":{"rendered":"https:\/\/unpieddedans.dplibre.com\/?page_id=218"},"modified":"2023-05-22T14:26:31","modified_gmt":"2023-05-22T13:26:31","slug":"piestival","status":"publish","type":"page","link":"https:\/\/gestion.dplibre.com\/index.php\/piestival\/","title":{"rendered":"Piestival"},"content":{"rendered":"\n<h1 class=\"has-text-align-center\">Piestival 2023<\/h1>\n\n\n\n<h3 class=\"has-text-align-center\">Un Pied Dedans fait son Piestival !<\/h3>\n\n\n\n<div class=\"wp-block-media-text alignwide is-stacked-on-mobile\"><figure class=\"wp-block-media-text__media\"><img decoding=\"async\" loading=\"lazy\" width=\"756\" height=\"1024\" src=\"https:\/\/gestion.dplibre.com\/wp-content\/uploads\/2023\/04\/Flyer_leger-756x1024.jpg\" alt=\"\" class=\"wp-image-177 size-full\" srcset=\"https:\/\/gestion.dplibre.com\/wp-content\/uploads\/2023\/04\/Flyer_leger-756x1024.jpg 756w, https:\/\/gestion.dplibre.com\/wp-content\/uploads\/2023\/04\/Flyer_leger-221x300.jpg 221w, https:\/\/gestion.dplibre.com\/wp-content\/uploads\/2023\/04\/Flyer_leger-768x1040.jpg 768w, https:\/\/gestion.dplibre.com\/wp-content\/uploads\/2023\/04\/Flyer_leger-1134x1536.jpg 1134w, https:\/\/gestion.dplibre.com\/wp-content\/uploads\/2023\/04\/Flyer_leger.jpg 1314w\" sizes=\"(max-width: 756px) 100vw, 756px\" \/><\/figure><div class=\"wp-block-media-text__content\">\n<p class=\"has-text-align-center has-large-font-size\">RDV les 12 et 13 mai 2023 <br>au 54 Fb de la Cueille Mirebalaise \u00e0 Poitiers<\/p>\n\n\n\n<p>Vous pourrez y d\u00e9couvrir (ou red\u00e9couvrir) tous les spectacles de l&rsquo;association, ainsi que des artistes invit\u00e9s. Il y aura aussi \u00e0 manger (tartines, quiches, g\u00e2teaux&#8230;), \u00e0 boire et des jeux pour petits et grands.<\/p>\n\n\n\n<p><strong>Le programme<\/strong> (horaires \u00e0 titre indicatif&#8230;) :<\/p>\n\n\n\n<p><strong>Vendredi 12 mai de 18h \u00e0 minuit<\/strong><\/p>\n\n\n\n<p>18h30 <a href=\"https:\/\/unpieddedans.dplibre.com\/?page_id=48\" target=\"_blank\" rel=\"noreferrer noopener\">PastekFrites<\/a> : 4 chanteureuses combatives&#8230;<br>19h30 <a href=\"https:\/\/unpieddedans.dplibre.com\/?page_id=72\" target=\"_blank\" rel=\"noreferrer noopener\">Conf\u00e9rence gesticul\u00e9e<\/a> \u00ab\u00a0Chiale pas, t&rsquo;es pas une nana !\u00a0\u00bb<br>22h The Grand \u00d8rdinaire, duo de rock garage<\/p>\n\n\n\n<p><strong>Samedi 13 mai de 15h \u00e0 2h<\/strong><\/p>\n\n\n\n<p>15h30 \u00ab\u00a0<a href=\"https:\/\/unpieddedans.dplibre.com\/?page_id=24\" target=\"_blank\" rel=\"noreferrer noopener\">La sorci\u00e8re et la fourmi<\/a>\u00ab\u00a0, Cie Kikol\u00e9, marionnettes d\u00e8s 5 ans<br>17h Holly Jazz, groupe vocal<br>18h30 <a href=\"https:\/\/unpieddedans.dplibre.com\/?page_id=10\" target=\"_blank\" rel=\"noreferrer noopener\">Majossa<\/a>, \u00ab\u00a0Des chants sous des chapeaux, tout un monde\u00a0\u00bb<br>21h Mouille mon Clain, fanfare<br>22h R\u00e9v\u00e9rend Poy et Punk Floyd, DJ&rsquo;s selector vinyls<\/p>\n<\/div><\/div>\n\n\n\n<h4>Nos invit\u00e9s du Piestival<\/h4>\n\n\n\n<div class=\"wp-block-media-text alignwide is-stacked-on-mobile\" style=\"grid-template-columns:18% auto\"><figure class=\"wp-block-media-text__media\"><img decoding=\"async\" loading=\"lazy\" width=\"120\" height=\"90\" src=\"https:\/\/gestion.dplibre.com\/wp-content\/uploads\/2023\/04\/grandOrdinaire.jpg\" alt=\"\" class=\"wp-image-127 size-full\"\/><\/figure><div class=\"wp-block-media-text__content\">\n<div class=\"wp-block-image\"><figure class=\"alignleft size-large is-resized\"><img decoding=\"async\" loading=\"lazy\" src=\"https:\/\/gestion.dplibre.com\/wp-content\/uploads\/2023\/04\/STICKER-4.5-X-19.5-1.jpg\" alt=\"\" class=\"wp-image-130\" width=\"239\" height=\"63\" srcset=\"https:\/\/gestion.dplibre.com\/wp-content\/uploads\/2023\/04\/STICKER-4.5-X-19.5-1.jpg 808w, https:\/\/gestion.dplibre.com\/wp-content\/uploads\/2023\/04\/STICKER-4.5-X-19.5-1-768x206.jpg 768w\" sizes=\"(max-width: 239px) 100vw, 239px\" \/><figcaption>Rough rock&rsquo;n roll garagists duet<br>Lyon<\/figcaption><\/figure><\/div>\n\n\n\n<p class=\"has-large-font-size\">Un vrai duo \u00e0 deux, guitare batterie et deux chants.<br>Pour en savoir plus : <a href=\"https:\/\/thegrandordinaire.bandcamp.com\/releases\">https:\/\/thegrandordinaire.bandcamp.com\/releases<\/a><\/p>\n<\/div><\/div>\n\n\n\n<div class=\"wp-block-media-text alignwide is-stacked-on-mobile\" style=\"grid-template-columns:18% auto\"><figure class=\"wp-block-media-text__media\"><img decoding=\"async\" loading=\"lazy\" width=\"595\" height=\"842\" src=\"https:\/\/gestion.dplibre.com\/wp-content\/uploads\/2023\/04\/Logo_Final_Holly_Jazz.jpg\" alt=\"\" class=\"wp-image-144 size-full\" srcset=\"https:\/\/gestion.dplibre.com\/wp-content\/uploads\/2023\/04\/Logo_Final_Holly_Jazz.jpg 595w, https:\/\/gestion.dplibre.com\/wp-content\/uploads\/2023\/04\/Logo_Final_Holly_Jazz-212x300.jpg 212w\" sizes=\"(max-width: 595px) 100vw, 595px\" \/><\/figure><div class=\"wp-block-media-text__content\">\n<p class=\"has-large-font-size\"><strong>HollyJazz<\/strong><br>Groupe vocal &#8211; Fontaine le Comte<br>Cr\u00e9\u00e9 en 2007, Holly Jazz est dirig\u00e9 par Simon Bouin et compte environ 25 chanteurs et chanteuses. Le r\u00e9pertoire vari\u00e9 est constitu\u00e9 de chants du monde : Occitans, H\u00e9breu, Bluegrass, Jazz, etc &#8230;<\/p>\n<\/div><\/div>\n\n\n\n<div class=\"wp-block-media-text alignwide is-stacked-on-mobile\" style=\"grid-template-columns:18% auto\"><figure class=\"wp-block-media-text__media\"><img decoding=\"async\" loading=\"lazy\" width=\"1024\" height=\"1024\" src=\"https:\/\/gestion.dplibre.com\/wp-content\/uploads\/2023\/04\/fanfare2-1024x1024.jpeg\" alt=\"\" class=\"wp-image-146 size-full\" srcset=\"https:\/\/gestion.dplibre.com\/wp-content\/uploads\/2023\/04\/fanfare2-1024x1024.jpeg 1024w, https:\/\/gestion.dplibre.com\/wp-content\/uploads\/2023\/04\/fanfare2-300x300.jpeg 300w, https:\/\/gestion.dplibre.com\/wp-content\/uploads\/2023\/04\/fanfare2-150x150.jpeg 150w, https:\/\/gestion.dplibre.com\/wp-content\/uploads\/2023\/04\/fanfare2-768x768.jpeg 768w, https:\/\/gestion.dplibre.com\/wp-content\/uploads\/2023\/04\/fanfare2.jpeg 1158w\" sizes=\"(max-width: 1024px) 100vw, 1024px\" \/><\/figure><div class=\"wp-block-media-text__content\">\n<p class=\"has-large-font-size\"><strong>Mouille mon Clain<\/strong><br>Fanfare  &#8211; Poitiers<br>Les pavillons vibrent et trinquent du Mississippi \u00e0 la Mer Rouge.<\/p>\n<\/div><\/div>\n\n\n\n<div class=\"wp-block-media-text alignwide is-stacked-on-mobile\" style=\"grid-template-columns:18% auto\"><figure class=\"wp-block-media-text__media\"><img decoding=\"async\" loading=\"lazy\" width=\"1024\" height=\"1024\" src=\"https:\/\/gestion.dplibre.com\/wp-content\/uploads\/2023\/04\/rp-pf10-10-1024x1024.jpg\" alt=\"\" class=\"wp-image-134 size-full\" srcset=\"https:\/\/gestion.dplibre.com\/wp-content\/uploads\/2023\/04\/rp-pf10-10-1024x1024.jpg 1024w, https:\/\/gestion.dplibre.com\/wp-content\/uploads\/2023\/04\/rp-pf10-10-300x300.jpg 300w, https:\/\/gestion.dplibre.com\/wp-content\/uploads\/2023\/04\/rp-pf10-10-150x150.jpg 150w, https:\/\/gestion.dplibre.com\/wp-content\/uploads\/2023\/04\/rp-pf10-10-768x768.jpg 768w, https:\/\/gestion.dplibre.com\/wp-content\/uploads\/2023\/04\/rp-pf10-10.jpg 1181w\" sizes=\"(max-width: 1024px) 100vw, 1024px\" \/><\/figure><div class=\"wp-block-media-text__content\">\n<p><strong>REVERAND POY &amp; PUNK FLOYD&nbsp;<\/strong><br><strong>DJ\u2019s Selector Vinyls<\/strong> &#8211; Poitiers<br>AUX platines, 2 DJ\u2019s passionn\u00e9s de VINYLS vous proposent leur s\u00e9lection endiabl\u00e9e pour enflammer le DANCE FLOOR\u2026<br>SET h\u00e9t\u00e9roclite, go\u00fbts vari\u00e9s, humeur du jour, influence du moment, nostalgie sonore&#8230;<br>SON tournant autour du rock\u2019n\u2019roll, rap, disco, \u00e9lectro, punk, chanson fran\u00e7aise, top 50, garage\u2026 Y en a pour tous les go\u00fbts et les pochettes sont pr\u00e9sent\u00e9es au public.<\/p>\n<\/div><\/div>\n\n\n\n<h3>Revue de presse<\/h3>\n\n\n\n<figure class=\"wp-block-image size-large\"><img decoding=\"async\" loading=\"lazy\" width=\"780\" height=\"1024\" src=\"https:\/\/gestion.dplibre.com\/wp-content\/uploads\/2023\/05\/NouvelleRepublique12052023-780x1024.png\" alt=\"\" class=\"wp-image-232\" srcset=\"https:\/\/gestion.dplibre.com\/wp-content\/uploads\/2023\/05\/NouvelleRepublique12052023-780x1024.png 780w, https:\/\/gestion.dplibre.com\/wp-content\/uploads\/2023\/05\/NouvelleRepublique12052023-229x300.png 229w, https:\/\/gestion.dplibre.com\/wp-content\/uploads\/2023\/05\/NouvelleRepublique12052023-768x1008.png 768w, https:\/\/gestion.dplibre.com\/wp-content\/uploads\/2023\/05\/NouvelleRepublique12052023.png 812w\" sizes=\"(max-width: 780px) 100vw, 780px\" \/><\/figure>\n","protected":false},"excerpt":{"rendered":"<p>Piestival 2023 Un Pied Dedans fait son Piestival ! RDV les 12 et 13 mai 2023 au 54 Fb de la Cueille Mirebalaise \u00e0 Poitiers Vous pourrez y d\u00e9couvrir (ou red\u00e9couvrir) tous les spectacles de l&rsquo;association, ainsi que des artistes<\/p>\n","protected":false},"author":3,"featured_media":0,"parent":0,"menu_order":0,"comment_status":"closed","ping_status":"closed","template":"","meta":[],"_links":{"self":[{"href":"https:\/\/gestion.dplibre.com\/index.php\/wp-json\/wp\/v2\/pages\/218"}],"collection":[{"href":"https:\/\/gestion.dplibre.com\/index.php\/wp-json\/wp\/v2\/pages"}],"about":[{"href":"https:\/\/gestion.dplibre.com\/index.php\/wp-json\/wp\/v2\/types\/page"}],"author":[{"embeddable":true,"href":"https:\/\/gestion.dplibre.com\/index.php\/wp-json\/wp\/v2\/users\/3"}],"replies":[{"embeddable":true,"href":"https:\/\/gestion.dplibre.com\/index.php\/wp-json\/wp\/v2\/comments?post=218"}],"version-history":[{"count":0,"href":"https:\/\/gestion.dplibre.com\/index.php\/wp-json\/wp\/v2\/pages\/218\/revisions"}],"wp:attachment":[{"href":"https:\/\/gestion.dplibre.com\/index.php\/wp-json\/wp\/v2\/media?parent=218"}],"curies":[{"name":"wp","href":"https:\/\/api.w.org\/{rel}","templated":true}]}}