{"id":24,"date":"2023-04-10T23:27:43","date_gmt":"2023-04-10T22:27:43","guid":{"rendered":"https:\/\/unpieddedans.dplibre.com\/?page_id=24"},"modified":"2023-06-16T12:45:24","modified_gmt":"2023-06-16T10:45:24","slug":"kikole","status":"publish","type":"page","link":"https:\/\/gestion.dplibre.com\/index.php\/kikole\/","title":{"rendered":"Kikol\u00e9"},"content":{"rendered":"\n<figure class=\"wp-block-table alignwide\"><table class=\"has-fixed-layout\"><tbody><tr><td class=\"has-text-align-center\" data-align=\"center\"><a href=\"#kikole\" data-type=\"internal\" data-id=\"#kikole\">Spectacle<\/a><\/td><td class=\"has-text-align-center\" data-align=\"center\"><a href=\"#agenda-k\" data-type=\"internal\" data-id=\"#agenda-k\">Agenda<\/a><\/td><td class=\"has-text-align-center\" data-align=\"center\"><a href=\"#galerie-k\" data-type=\"internal\" data-id=\"#galerie-k\">Galerie<\/a><\/td><td class=\"has-text-align-center\" data-align=\"center\"><a href=\"#presse-k\" data-type=\"internal\" data-id=\"#presse-k\">Revue de presse<\/a><\/td><td class=\"has-text-align-center\" data-align=\"center\"><a href=\"#tech-k\" data-type=\"internal\" data-id=\"#tech-k\">Fiche technique<\/a><\/td><\/tr><\/tbody><\/table><\/figure>\n\n\n\n<hr class=\"wp-block-separator\" id=\"kikole\"\/>\n\n\n\n<div class=\"wp-block-media-text alignwide is-stacked-on-mobile\"><figure class=\"wp-block-media-text__media\"><img decoding=\"async\" src=\"https:\/\/unpieddedans.dplibre.com\/wp-content\/uploads\/2023\/04\/sorciere-fourmi-petit-1024x758.jpeg\" alt=\"\" class=\"wp-image-25 size-full\"\/><\/figure><div class=\"wp-block-media-text__content\">\n<h3>La sorci\u00e8re et la fourmi<\/h3>\n\n\n\n<p>La sorci\u00e8re<br>N&rsquo;y voyant plus tr\u00e8s clair<br>Eut besoin d&rsquo;une fourmi<br>Pour la servir jour et nuit.<br>Les enfants<br>Il est grand temps<br>De venir la d\u00e9livrer !<\/p>\n<\/div><\/div>\n\n\n\n<p>Spectacle interactif de marionnettes \u00e0 gaine pour petits et grands d\u00e8s 5 ans<br>Dur\u00e9e : 1 heure<\/p>\n\n\n\n<p>Ce spectacle vous int\u00e9resse pour votre \u00e9cole ? <br>Pour un anniversaire ? Ou autre&#8230; Bonne id\u00e9e ! <br>Contactez-nous par courriel : unpieddedans@gmail.com<\/p>\n\n\n\n<hr class=\"wp-block-separator\" id=\"agenda-k\"\/>\n\n\n\n<div class=\"is-layout-flex wp-container-3 wp-block-columns alignwide\">\n<div class=\"is-layout-flow wp-block-column\">\n<p class=\"has-text-align-center\">Agenda<\/p>\n\n\n<ul class=\"wp-block-latest-posts__list wp-block-latest-posts\"><li><a class=\"wp-block-latest-posts__post-title\" href=\"https:\/\/gestion.dplibre.com\/index.php\/2023\/05\/26\/marionnettes-le-10-juin-a-poitiers\/\">10 juin 2023 : marionnettes-Poitiers<\/a><\/li>\n<\/ul><\/div>\n\n\n\n<div class=\"is-layout-flow wp-block-column\">\n<p class=\"has-text-align-center\">C&rsquo;est pass\u00e9 !<\/p>\n\n\n<ul class=\"wp-block-latest-posts__list wp-block-latest-posts\"><li><a class=\"wp-block-latest-posts__post-title\" href=\"https:\/\/gestion.dplibre.com\/index.php\/2023\/04\/24\/13-mai-23-marionnettes-piestival-poitiers\/\">13 mai 23 : marionnettes-Piestival-Poitiers<\/a><\/li>\n<li><a class=\"wp-block-latest-posts__post-title\" href=\"https:\/\/gestion.dplibre.com\/index.php\/2023\/04\/12\/marionnettes-a-mignaloux-beauvoir-les-22-et-23-avril-2023\/\">22-23 avril 23 : Marionnettes-Mignaloux-Beauvoir<\/a><\/li>\n<\/ul><\/div>\n<\/div>\n\n\n\n<hr class=\"wp-block-separator\" id=\"galerie-k\"\/>\n\n\n\n<h3>Galerie<\/h3>\n\n\n\n<h4>photos<\/h4>\n\n\n\n<figure class=\"is-layout-flex wp-block-gallery-4 wp-block-gallery columns-3 is-cropped\"><ul class=\"blocks-gallery-grid\"><li class=\"blocks-gallery-item\"><figure><a href=\"https:\/\/unpieddedans.dplibre.com\/wp-content\/uploads\/2023\/04\/IMG_3315-765x1024.jpg\"><img decoding=\"async\" src=\"https:\/\/unpieddedans.dplibre.com\/wp-content\/uploads\/2023\/04\/IMG_3315-765x1024.jpg\" alt=\"\" data-id=\"119\" data-link=\"https:\/\/unpieddedans.dplibre.com\/?attachment_id=119\" class=\"wp-image-119\"\/><\/a><\/figure><\/li><li class=\"blocks-gallery-item\"><figure><a href=\"https:\/\/unpieddedans.dplibre.com\/wp-content\/uploads\/2023\/04\/20210630_144557-768x1024.jpg\"><img decoding=\"async\" src=\"https:\/\/unpieddedans.dplibre.com\/wp-content\/uploads\/2023\/04\/20210630_144557-768x1024.jpg\" alt=\"\" data-id=\"121\" data-link=\"https:\/\/unpieddedans.dplibre.com\/?attachment_id=121\" class=\"wp-image-121\"\/><\/a><\/figure><\/li><li class=\"blocks-gallery-item\"><figure><a href=\"https:\/\/gestion.dplibre.com\/wp-content\/uploads\/2023\/04\/IMG-20211113-WA0000.jpg\"><img decoding=\"async\" loading=\"lazy\" width=\"1024\" height=\"768\" src=\"https:\/\/gestion.dplibre.com\/wp-content\/uploads\/2023\/04\/IMG-20211113-WA0000.jpg\" alt=\"\" data-id=\"120\" data-link=\"https:\/\/unpieddedans.dplibre.com\/?attachment_id=120\" class=\"wp-image-120\" srcset=\"https:\/\/gestion.dplibre.com\/wp-content\/uploads\/2023\/04\/IMG-20211113-WA0000.jpg 1024w, https:\/\/gestion.dplibre.com\/wp-content\/uploads\/2023\/04\/IMG-20211113-WA0000-300x225.jpg 300w, https:\/\/gestion.dplibre.com\/wp-content\/uploads\/2023\/04\/IMG-20211113-WA0000-768x576.jpg 768w\" sizes=\"(max-width: 1024px) 100vw, 1024px\" \/><\/a><\/figure><\/li><li class=\"blocks-gallery-item\"><figure><a href=\"https:\/\/gestion.dplibre.com\/wp-content\/uploads\/2023\/06\/public-marionettes-scaled-1.jpg\"><img decoding=\"async\" src=\"https:\/\/unpieddedans.dplibre.com\/wp-content\/uploads\/2023\/06\/public-marionettes-1024x576.jpg\" alt=\"\" data-id=\"318\" data-full-url=\"https:\/\/gestion.dplibre.com\/wp-content\/uploads\/2023\/06\/public-marionettes-scaled-1.jpg\" data-link=\"https:\/\/unpieddedans.dplibre.com\/?attachment_id=318\" class=\"wp-image-318\"\/><\/a><\/figure><\/li><li class=\"blocks-gallery-item\"><figure><a href=\"https:\/\/unpieddedans.dplibre.com\/wp-content\/uploads\/2023\/06\/IMG_4090-1024x765.jpg\"><img decoding=\"async\" src=\"https:\/\/unpieddedans.dplibre.com\/wp-content\/uploads\/2023\/06\/IMG_4090-1024x765.jpg\" alt=\"\" data-id=\"311\" data-link=\"https:\/\/unpieddedans.dplibre.com\/?attachment_id=311\" class=\"wp-image-311\"\/><\/a><\/figure><\/li><li class=\"blocks-gallery-item\"><figure><a href=\"https:\/\/unpieddedans.dplibre.com\/wp-content\/uploads\/2023\/06\/IMG_4104-1024x765.jpg\"><img decoding=\"async\" src=\"https:\/\/unpieddedans.dplibre.com\/wp-content\/uploads\/2023\/06\/IMG_4104-1024x765.jpg\" alt=\"\" data-id=\"312\" data-link=\"https:\/\/unpieddedans.dplibre.com\/?attachment_id=312\" class=\"wp-image-312\"\/><\/a><\/figure><\/li><\/ul><\/figure>\n\n\n\n<h4>vid\u00e9o<\/h4>\n\n\n\n<figure class=\"wp-block-video\"><video controls src=\"https:\/\/gestion.dplibre.com\/wp-content\/uploads\/2023\/06\/la-sorciere-et-la-fourmi-SD-480-p.mov\"><\/video><figcaption>teaser de \u00ab\u00a0la sorci\u00e8re et la fourmi\u00a0\u00bb<\/figcaption><\/figure>\n\n\n\n<hr class=\"wp-block-separator\" id=\"presse-k\"\/>\n\n\n\n<h3>Revue de presse<\/h3>\n\n\n\n<figure class=\"wp-block-audio\"><audio controls src=\"https:\/\/gestion.dplibre.com\/wp-content\/uploads\/2023\/04\/2023042412_SequenceMIDI.mp3\"><\/audio><figcaption>S\u00e9quence midi sur Radio Pulsar, le 24\/04\/2023 \u00e0 16&rsquo;30, <br>reportage r\u00e9alis\u00e9 par Eva Loyer-Boisseau<\/figcaption><\/figure>\n\n\n\n<hr class=\"wp-block-separator\" id=\"tech-k\"\/>\n\n\n\n<h4>Fiche technique<\/h4>\n\n\n\n<p>Espace sc\u00e9nique minimum : 2&nbsp;m\u202fx 3&nbsp;m\u202f; hauteur : 2,50&nbsp;m.<br>Les lumi\u00e8res doivent pouvoir \u00eatre occult\u00e9es.<\/p>\n\n\n\n<p>Prise de courant accessible, nous fournissons les \u00e9clairages du spectacle.<br>Pas de sonorisation<\/p>\n\n\n\n<p>Temps de montage\/d\u00e9montage: 5&nbsp;heures<\/p>\n\n\n\n<p>Jauge\u202f: 45 spectateurs maximum (pour une bonne visibilit\u00e9 des d\u00e9tails et une bonne \u00e9coute).<\/p>\n","protected":false},"excerpt":{"rendered":"<p>Spectacle Agenda Galerie Revue de presse Fiche technique La sorci\u00e8re et la fourmi La sorci\u00e8reN&rsquo;y voyant plus tr\u00e8s clairEut besoin d&rsquo;une fourmiPour la servir jour et nuit.Les enfantsIl est grand tempsDe venir la d\u00e9livrer ! Spectacle interactif de marionnettes \u00e0<\/p>\n","protected":false},"author":2,"featured_media":0,"parent":0,"menu_order":0,"comment_status":"closed","ping_status":"closed","template":"","meta":[],"_links":{"self":[{"href":"https:\/\/gestion.dplibre.com\/index.php\/wp-json\/wp\/v2\/pages\/24"}],"collection":[{"href":"https:\/\/gestion.dplibre.com\/index.php\/wp-json\/wp\/v2\/pages"}],"about":[{"href":"https:\/\/gestion.dplibre.com\/index.php\/wp-json\/wp\/v2\/types\/page"}],"author":[{"embeddable":true,"href":"https:\/\/gestion.dplibre.com\/index.php\/wp-json\/wp\/v2\/users\/2"}],"replies":[{"embeddable":true,"href":"https:\/\/gestion.dplibre.com\/index.php\/wp-json\/wp\/v2\/comments?post=24"}],"version-history":[{"count":2,"href":"https:\/\/gestion.dplibre.com\/index.php\/wp-json\/wp\/v2\/pages\/24\/revisions"}],"predecessor-version":[{"id":376,"href":"https:\/\/gestion.dplibre.com\/index.php\/wp-json\/wp\/v2\/pages\/24\/revisions\/376"}],"wp:attachment":[{"href":"https:\/\/gestion.dplibre.com\/index.php\/wp-json\/wp\/v2\/media?parent=24"}],"curies":[{"name":"wp","href":"https:\/\/api.w.org\/{rel}","templated":true}]}}