{"id":48,"date":"2023-04-11T13:06:17","date_gmt":"2023-04-11T12:06:17","guid":{"rendered":"https:\/\/unpieddedans.dplibre.com\/?page_id=48"},"modified":"2023-04-11T13:06:17","modified_gmt":"2023-04-11T12:06:17","slug":"pastekfrites","status":"publish","type":"page","link":"https:\/\/gestion.dplibre.com\/index.php\/pastekfrites\/","title":{"rendered":"PastekFrites"},"content":{"rendered":"\n<figure class=\"wp-block-table alignwide\"><table class=\"has-fixed-layout\"><tbody><tr><td class=\"has-text-align-center\" data-align=\"center\"><a href=\"#pastekfrites\">Spectacle<\/a><\/td><td class=\"has-text-align-center\" data-align=\"center\"><a href=\"#agenda-pf\">Agenda<\/a><\/td><td class=\"has-text-align-center\" data-align=\"center\"><a href=\"#galerie-pf\">Galerie<\/a><\/td><td class=\"has-text-align-center\" data-align=\"center\"><a href=\"#tech-pf\">Fiche technique<\/a><\/td><\/tr><\/tbody><\/table><\/figure>\n\n\n\n<hr class=\"wp-block-separator\" id=\"pastekfrites\"\/>\n\n\n\n<div class=\"wp-block-media-text alignwide is-stacked-on-mobile\"><figure class=\"wp-block-media-text__media\"><img decoding=\"async\" loading=\"lazy\" width=\"829\" height=\"402\" src=\"https:\/\/gestion.dplibre.com\/wp-content\/uploads\/2023\/04\/Alternatiba-coupe.jpg\" alt=\"\" class=\"wp-image-56 size-full\" srcset=\"https:\/\/gestion.dplibre.com\/wp-content\/uploads\/2023\/04\/Alternatiba-coupe.jpg 829w, https:\/\/gestion.dplibre.com\/wp-content\/uploads\/2023\/04\/Alternatiba-coupe-300x145.jpg 300w, https:\/\/gestion.dplibre.com\/wp-content\/uploads\/2023\/04\/Alternatiba-coupe-768x372.jpg 768w\" sizes=\"(max-width: 829px) 100vw, 829px\" \/><\/figure><div class=\"wp-block-media-text__content\">\n<p>4 chanteureuses combatives, pr\u00eates \u00e0 intervenir sur tous les \u00e9v\u00e9nements qui leur tiennent \u00e0 ch\u0153ur.<\/p>\n\n\n\n<p>Oui, nous sommes vert dehors et rouge dedans&nbsp;! Et nous en sommes tellement fi\u00e8res que nous le chantons sur tous les toits\u2026 Heu\u2026 enfin\u2026 au sol c\u2019est d\u00e9j\u00e0 bien\u2026<\/p>\n<\/div><\/div>\n\n\n\n<p>Vous avez un combat militant et il vous manque une petite couleur musicale et festive ? Contactez-nous : unpieddedans@gmail.com !<\/p>\n\n\n\n<hr class=\"wp-block-separator\" id=\"agenda-pf\"\/>\n\n\n\n<div class=\"is-layout-flex wp-container-3 wp-block-columns alignwide\">\n<div class=\"is-layout-flow wp-block-column\">\n<h4 class=\"has-text-align-center\">Agenda<\/h4>\n\n\n<ul class=\"wp-block-latest-posts__list wp-block-latest-posts\"><\/ul><\/div>\n\n\n\n<div class=\"is-layout-flow wp-block-column\">\n<h4 class=\"has-text-align-center\">C&rsquo;est pass\u00e9 !<\/h4>\n\n\n<ul class=\"wp-block-latest-posts__list wp-block-latest-posts\"><\/ul><\/div>\n<\/div>\n\n\n\n<hr class=\"wp-block-separator\" id=\"galerie-pf\"\/>\n\n\n\n<h3>Galerie photos<\/h3>\n\n\n\n<figure class=\"is-layout-flex wp-block-gallery-4 wp-block-gallery columns-2 is-cropped\"><ul class=\"blocks-gallery-grid\"><li class=\"blocks-gallery-item\"><figure><a href=\"https:\/\/gestion.dplibre.com\/wp-content\/uploads\/2023\/06\/IMG_4190-1-1024x768.jpeg\"><img decoding=\"async\" src=\"https:\/\/gestion.dplibre.com\/wp-content\/uploads\/2023\/06\/IMG_4190-1-1024x768.jpeg\" alt=\"\" data-id=\"298\" data-link=\"https:\/\/unpieddedans.dplibre.com\/?attachment_id=298\" class=\"wp-image-298\"\/><\/a><\/figure><\/li><li class=\"blocks-gallery-item\"><figure><a href=\"https:\/\/gestion.dplibre.com\/wp-content\/uploads\/2023\/06\/IMG_4194-1-1024x768.jpeg\"><img decoding=\"async\" src=\"https:\/\/gestion.dplibre.com\/wp-content\/uploads\/2023\/06\/IMG_4194-1-1024x768.jpeg\" alt=\"\" data-id=\"299\" data-link=\"https:\/\/unpieddedans.dplibre.com\/?attachment_id=299\" class=\"wp-image-299\"\/><\/a><\/figure><\/li><li class=\"blocks-gallery-item\"><figure><a href=\"https:\/\/gestion.dplibre.com\/wp-content\/uploads\/2023\/06\/IMG-20230513-WA0005-1.jpg\"><img decoding=\"async\" src=\"https:\/\/gestion.dplibre.com\/wp-content\/uploads\/2023\/06\/IMG-20230513-WA0005-1-1003x1024.jpg\" alt=\"\" data-id=\"300\" data-full-url=\"https:\/\/gestion.dplibre.com\/wp-content\/uploads\/2023\/06\/IMG-20230513-WA0005-1.jpg\" data-link=\"https:\/\/unpieddedans.dplibre.com\/?attachment_id=300\" class=\"wp-image-300\"\/><\/a><\/figure><\/li><\/ul><\/figure>\n\n\n\n<hr class=\"wp-block-separator\" id=\"tech-pf\"\/>\n\n\n\n<h3>Fiche technique<\/h3>\n\n\n\n<p>Chant a cappella non amplifi\u00e9, donc intervention pour petite jauge dans un espace sonore prot\u00e9g\u00e9.<\/p>\n\n\n\n<p>Pour une intervention autre, pr\u00e9voir une amplification sonore, soit par micro-casques, soit par micros d&rsquo;ambiance.<\/p>\n","protected":false},"excerpt":{"rendered":"<p>Spectacle Agenda Galerie Fiche technique 4 chanteureuses combatives, pr\u00eates \u00e0 intervenir sur tous les \u00e9v\u00e9nements qui leur tiennent \u00e0 ch\u0153ur. Oui, nous sommes vert dehors et rouge dedans&nbsp;! Et nous en sommes tellement fi\u00e8res que nous le chantons sur tous<\/p>\n","protected":false},"author":3,"featured_media":0,"parent":0,"menu_order":0,"comment_status":"closed","ping_status":"closed","template":"","meta":[],"_links":{"self":[{"href":"https:\/\/gestion.dplibre.com\/index.php\/wp-json\/wp\/v2\/pages\/48"}],"collection":[{"href":"https:\/\/gestion.dplibre.com\/index.php\/wp-json\/wp\/v2\/pages"}],"about":[{"href":"https:\/\/gestion.dplibre.com\/index.php\/wp-json\/wp\/v2\/types\/page"}],"author":[{"embeddable":true,"href":"https:\/\/gestion.dplibre.com\/index.php\/wp-json\/wp\/v2\/users\/3"}],"replies":[{"embeddable":true,"href":"https:\/\/gestion.dplibre.com\/index.php\/wp-json\/wp\/v2\/comments?post=48"}],"version-history":[{"count":0,"href":"https:\/\/gestion.dplibre.com\/index.php\/wp-json\/wp\/v2\/pages\/48\/revisions"}],"wp:attachment":[{"href":"https:\/\/gestion.dplibre.com\/index.php\/wp-json\/wp\/v2\/media?parent=48"}],"curies":[{"name":"wp","href":"https:\/\/api.w.org\/{rel}","templated":true}]}}