{"id":72,"date":"2023-04-11T13:48:54","date_gmt":"2023-04-11T12:48:54","guid":{"rendered":"https:\/\/unpieddedans.dplibre.com\/?page_id=72"},"modified":"2023-06-16T12:09:53","modified_gmt":"2023-06-16T10:09:53","slug":"conference-gesticulee","status":"publish","type":"page","link":"https:\/\/gestion.dplibre.com\/index.php\/conference-gesticulee\/","title":{"rendered":"Conf\u00e9rence gesticul\u00e9e"},"content":{"rendered":"\n<figure class=\"wp-block-table alignwide\"><table class=\"has-fixed-layout\"><tbody><tr><td class=\"has-text-align-center\" data-align=\"center\"><a href=\"#chialepas\" data-type=\"internal\" data-id=\"#chialepas\">Pr\u00e9sentation<\/a><\/td><td class=\"has-text-align-center\" data-align=\"center\"><a href=\"#agenda-cg\" data-type=\"internal\" data-id=\"#agenda-cg\">Agenda<\/a><\/td><td class=\"has-text-align-center\" data-align=\"center\"><a href=\"#galerie-cg\" data-type=\"internal\" data-id=\"#galerie-cg\">Galerie<\/a><\/td><td class=\"has-text-align-center\" data-align=\"center\"><a href=\"#tech-cg\" data-type=\"internal\" data-id=\"#tech-cg\">Fiche technique<\/a><\/td><\/tr><\/tbody><\/table><\/figure>\n\n\n\n<hr class=\"wp-block-separator\" id=\"chialepas\"\/>\n\n\n\n<div class=\"wp-block-media-text alignwide is-stacked-on-mobile\" style=\"grid-template-columns:39% auto\"><figure class=\"wp-block-media-text__media\"><img decoding=\"async\" loading=\"lazy\" width=\"768\" height=\"619\" src=\"https:\/\/gestion.dplibre.com\/wp-content\/uploads\/2023\/04\/Titre-1.jpg\" alt=\"\" class=\"wp-image-107 size-full\" srcset=\"https:\/\/gestion.dplibre.com\/wp-content\/uploads\/2023\/04\/Titre-1.jpg 768w, https:\/\/gestion.dplibre.com\/wp-content\/uploads\/2023\/04\/Titre-1-300x242.jpg 300w\" sizes=\"(max-width: 768px) 100vw, 768px\" \/><\/figure><div class=\"wp-block-media-text__content\">\n<h3><strong>Chiale pas, t\u2019es pas une nana&nbsp;!<\/strong><\/h3>\n\n\n\n<h4>Vous avez dit patriarcat&nbsp;?<\/h4>\n\n\n\n<p>Cher Patriarcat<br>Je t\u2019\u00e9cris pour te dire que \u00e7a fait bien trop longtemps que tu s\u00e9vis. Bien s\u00fbr que l\u2019homme et la femme, ce n\u2019est pas tout \u00e0 fait pareil&nbsp;! Mais est-ce bien la peine d\u2019en rajouter&nbsp;? Et puis, d\u2019o\u00f9 \u00e7a vient \u00e7a, que l\u2019un est sup\u00e9rieur \u00e0 l\u2019autre&nbsp;? Ne vivrait-on pas mieux, ensemble, sans toi&nbsp;?<\/p>\n<\/div><\/div>\n\n\n\n<p>Conf\u00e9rence gesticul\u00e9e de et par Marie-Jo Kolpak, dur\u00e9e 1h30<\/p>\n\n\n\n<p><em>Une conf\u00e9rence gesticul\u00e9e est une prise de parole publique sous la forme d\u2019un spectacle politique militant. Construite par une personne ou un groupe \u00e0 partir de ses exp\u00e9riences, elle d\u00e9voile, d\u00e9nonce, questionne et analyse les m\u00e9canismes d\u2019une domination dans un domaine donn\u00e9.<\/em><\/p>\n\n\n\n<p>Si vous souhaitez en savoir plus, suivez ce lien&nbsp;:<br><a href=\"https:\/\/conferences-gesticulees.net\/conferences\/chiale-pas-tes-pas-une-nana\/\">https:\/\/conferences-gesticulees.net\/conferences\/chiale-pas-tes-pas-une-nana\/<\/a><br>Vous pourrez en particulier acc\u00e9der \u00e0 une captation vid\u00e9o int\u00e9grale de la conf\u00e9rence (telle qu\u2019elle \u00e9tait en juin 2022, cette forme \u00e9tant forc\u00e9ment \u00e9volutive).<\/p>\n\n\n\n<p>Vous \u00eates int\u00e9ress\u00e9.e par cette conf\u00e9rence, dans une salle ou chez vous&nbsp;? Contactez-nous par courriel&nbsp;: <a href=\"mailto:unpieddedans@gmail.com\">unpieddedans@gmail.com<\/a><\/p>\n\n\n\n<hr class=\"wp-block-separator\" id=\"agenda-cg\"\/>\n\n\n\n<div class=\"is-layout-flex wp-container-3 wp-block-columns alignfull is-style-default\">\n<div class=\"is-layout-flow wp-block-column\">\n<h4 class=\"has-text-align-center\">Agenda<\/h4>\n\n\n<ul class=\"wp-block-latest-posts__list wp-block-latest-posts\"><\/ul>\n\n\n<p><\/p>\n<\/div>\n\n\n\n<div class=\"is-layout-flow wp-block-column\">\n<h4 class=\"has-text-align-center\">C&rsquo;est pass\u00e9 !<\/h4>\n\n\n<ul class=\"wp-block-latest-posts__list is-style-default wp-block-latest-posts\"><\/ul><\/div>\n<\/div>\n\n\n\n<hr class=\"wp-block-separator\" id=\"galerie-cg\"\/>\n\n\n\n<h3>Galerie photos<\/h3>\n\n\n\n<figure class=\"is-layout-flex wp-block-gallery-4 wp-block-gallery columns-4 is-cropped\"><ul class=\"blocks-gallery-grid\"><li class=\"blocks-gallery-item\"><figure><a href=\"https:\/\/gestion.dplibre.com\/wp-content\/uploads\/2023\/04\/TAC1.png\"><img decoding=\"async\" loading=\"lazy\" width=\"870\" height=\"706\" src=\"https:\/\/gestion.dplibre.com\/wp-content\/uploads\/2023\/04\/TAC1.png\" alt=\"\" data-id=\"112\" data-full-url=\"https:\/\/gestion.dplibre.com\/wp-content\/uploads\/2023\/04\/TAC1.png\" data-link=\"https:\/\/unpieddedans.dplibre.com\/?attachment_id=112\" class=\"wp-image-112\" srcset=\"https:\/\/gestion.dplibre.com\/wp-content\/uploads\/2023\/04\/TAC1.png 870w, https:\/\/gestion.dplibre.com\/wp-content\/uploads\/2023\/04\/TAC1-300x243.png 300w, https:\/\/gestion.dplibre.com\/wp-content\/uploads\/2023\/04\/TAC1-768x623.png 768w\" sizes=\"(max-width: 870px) 100vw, 870px\" \/><\/a><\/figure><\/li><li class=\"blocks-gallery-item\"><figure><a href=\"https:\/\/gestion.dplibre.com\/wp-content\/uploads\/2023\/04\/noms.png\"><img decoding=\"async\" loading=\"lazy\" width=\"1024\" height=\"577\" src=\"https:\/\/gestion.dplibre.com\/wp-content\/uploads\/2023\/04\/noms-1024x577.png\" alt=\"\" data-id=\"116\" data-full-url=\"https:\/\/gestion.dplibre.com\/wp-content\/uploads\/2023\/04\/noms.png\" data-link=\"https:\/\/unpieddedans.dplibre.com\/?attachment_id=116\" class=\"wp-image-116\" srcset=\"https:\/\/gestion.dplibre.com\/wp-content\/uploads\/2023\/04\/noms-1024x577.png 1024w, https:\/\/gestion.dplibre.com\/wp-content\/uploads\/2023\/04\/noms-300x169.png 300w, https:\/\/gestion.dplibre.com\/wp-content\/uploads\/2023\/04\/noms-768x433.png 768w, https:\/\/gestion.dplibre.com\/wp-content\/uploads\/2023\/04\/noms.png 1277w\" sizes=\"(max-width: 1024px) 100vw, 1024px\" \/><\/a><\/figure><\/li><li class=\"blocks-gallery-item\"><figure><a href=\"https:\/\/gestion.dplibre.com\/wp-content\/uploads\/2023\/04\/conf3.jpg\"><img decoding=\"async\" loading=\"lazy\" width=\"698\" height=\"1024\" src=\"https:\/\/gestion.dplibre.com\/wp-content\/uploads\/2023\/04\/conf3-698x1024.jpg\" alt=\"\" data-id=\"113\" data-full-url=\"https:\/\/gestion.dplibre.com\/wp-content\/uploads\/2023\/04\/conf3.jpg\" data-link=\"https:\/\/unpieddedans.dplibre.com\/?attachment_id=113\" class=\"wp-image-113\" srcset=\"https:\/\/gestion.dplibre.com\/wp-content\/uploads\/2023\/04\/conf3-698x1024.jpg 698w, https:\/\/gestion.dplibre.com\/wp-content\/uploads\/2023\/04\/conf3-204x300.jpg 204w, https:\/\/gestion.dplibre.com\/wp-content\/uploads\/2023\/04\/conf3-768x1127.jpg 768w, https:\/\/gestion.dplibre.com\/wp-content\/uploads\/2023\/04\/conf3.jpg 921w\" sizes=\"(max-width: 698px) 100vw, 698px\" \/><\/a><\/figure><\/li><li class=\"blocks-gallery-item\"><figure><a href=\"https:\/\/gestion.dplibre.com\/wp-content\/uploads\/2023\/04\/XY.jpg\"><img decoding=\"async\" loading=\"lazy\" width=\"570\" height=\"873\" src=\"https:\/\/gestion.dplibre.com\/wp-content\/uploads\/2023\/04\/XY.jpg\" alt=\"\" data-id=\"115\" data-full-url=\"https:\/\/gestion.dplibre.com\/wp-content\/uploads\/2023\/04\/XY.jpg\" data-link=\"https:\/\/unpieddedans.dplibre.com\/?attachment_id=115\" class=\"wp-image-115\" srcset=\"https:\/\/gestion.dplibre.com\/wp-content\/uploads\/2023\/04\/XY.jpg 570w, https:\/\/gestion.dplibre.com\/wp-content\/uploads\/2023\/04\/XY-196x300.jpg 196w\" sizes=\"(max-width: 570px) 100vw, 570px\" \/><\/a><\/figure><\/li><li class=\"blocks-gallery-item\"><figure><a href=\"https:\/\/gestion.dplibre.com\/wp-content\/uploads\/2023\/04\/conf2.jpg\"><img decoding=\"async\" loading=\"lazy\" width=\"1024\" height=\"495\" src=\"https:\/\/gestion.dplibre.com\/wp-content\/uploads\/2023\/04\/conf2-1024x495.jpg\" alt=\"\" data-id=\"114\" data-full-url=\"https:\/\/gestion.dplibre.com\/wp-content\/uploads\/2023\/04\/conf2.jpg\" data-link=\"https:\/\/unpieddedans.dplibre.com\/?attachment_id=114\" class=\"wp-image-114\" srcset=\"https:\/\/gestion.dplibre.com\/wp-content\/uploads\/2023\/04\/conf2-1024x495.jpg 1024w, https:\/\/gestion.dplibre.com\/wp-content\/uploads\/2023\/04\/conf2-300x145.jpg 300w, https:\/\/gestion.dplibre.com\/wp-content\/uploads\/2023\/04\/conf2-768x371.jpg 768w, https:\/\/gestion.dplibre.com\/wp-content\/uploads\/2023\/04\/conf2-1536x743.jpg 1536w, https:\/\/gestion.dplibre.com\/wp-content\/uploads\/2023\/04\/conf2-1568x758.jpg 1568w, https:\/\/gestion.dplibre.com\/wp-content\/uploads\/2023\/04\/conf2.jpg 1721w\" sizes=\"(max-width: 1024px) 100vw, 1024px\" \/><\/a><\/figure><\/li><\/ul><\/figure>\n\n\n\n<hr class=\"wp-block-separator\" id=\"tech-cg\"\/>\n\n\n\n<h4><strong>Fiche technique<\/strong><\/h4>\n\n\n\n<p>Espace sc\u00e9nique 2mx2m<\/p>\n\n\n\n<p>\u2022 A partir de cinquante personnes, pr\u00e9voir une estrade et si possible du mat\u00e9riel de projection afin que le public puisse bien voir les documents pr\u00e9sent\u00e9s (\u00e9cran, vid\u00e9oprojecteur, ordinateur et les c\u00e2bles n\u00e9cessaires)<\/p>\n\n\n\n<p>\u2022 A partir de cent personnes, pr\u00e9voir une amplification sonore avec micro-casque.<\/p>\n","protected":false},"excerpt":{"rendered":"<p>Pr\u00e9sentation Agenda Galerie Fiche technique Chiale pas, t\u2019es pas une nana&nbsp;! Vous avez dit patriarcat&nbsp;? Cher PatriarcatJe t\u2019\u00e9cris pour te dire que \u00e7a fait bien trop longtemps que tu s\u00e9vis. Bien s\u00fbr que l\u2019homme et la femme, ce n\u2019est pas<\/p>\n","protected":false},"author":3,"featured_media":0,"parent":0,"menu_order":0,"comment_status":"closed","ping_status":"closed","template":"","meta":[],"_links":{"self":[{"href":"https:\/\/gestion.dplibre.com\/index.php\/wp-json\/wp\/v2\/pages\/72"}],"collection":[{"href":"https:\/\/gestion.dplibre.com\/index.php\/wp-json\/wp\/v2\/pages"}],"about":[{"href":"https:\/\/gestion.dplibre.com\/index.php\/wp-json\/wp\/v2\/types\/page"}],"author":[{"embeddable":true,"href":"https:\/\/gestion.dplibre.com\/index.php\/wp-json\/wp\/v2\/users\/3"}],"replies":[{"embeddable":true,"href":"https:\/\/gestion.dplibre.com\/index.php\/wp-json\/wp\/v2\/comments?post=72"}],"version-history":[{"count":2,"href":"https:\/\/gestion.dplibre.com\/index.php\/wp-json\/wp\/v2\/pages\/72\/revisions"}],"predecessor-version":[{"id":368,"href":"https:\/\/gestion.dplibre.com\/index.php\/wp-json\/wp\/v2\/pages\/72\/revisions\/368"}],"wp:attachment":[{"href":"https:\/\/gestion.dplibre.com\/index.php\/wp-json\/wp\/v2\/media?parent=72"}],"curies":[{"name":"wp","href":"https:\/\/api.w.org\/{rel}","templated":true}]}}